{"id":78,"date":"2020-07-16T07:18:24","date_gmt":"2020-07-16T07:18:24","guid":{"rendered":"https:\/\/demosites.io\/fitness-trainer-gb\/?page_id=78"},"modified":"2025-07-16T02:38:37","modified_gmt":"2025-07-16T02:38:37","slug":"my-services","status":"publish","type":"page","link":"https:\/\/yveskalala.com\/fr\/my-services\/","title":{"rendered":"Mes services"},"content":{"rendered":"<section id=\"wp-block-themeisle-blocks-advanced-columns-8e5f5f85\" class=\"wp-block-themeisle-blocks-advanced-columns alignfull has-1-columns has-desktop-equal-layout has-tablet-equal-layout has-mobile-equal-layout has-vertical-center\"><div class=\"wp-block-themeisle-blocks-advanced-columns-overlay\"><\/div><div class=\"innerblocks-wrap\">\n<div id=\"wp-block-themeisle-blocks-advanced-column-b070ff3b\" class=\"wp-block-themeisle-blocks-advanced-column\">\n<h1 id=\"wp-block-themeisle-blocks-advanced-heading-2f679188\" class=\"wp-block-themeisle-blocks-advanced-heading wp-block-themeisle-blocks-advanced-heading-2f679188\">Services<\/h1>\n<\/div>\n<\/div><\/section>\n\n\n\n<section id=\"wp-block-themeisle-blocks-advanced-columns-e23ca384\" class=\"wp-block-themeisle-blocks-advanced-columns alignfull has-3-columns has-desktop-equal-layout has-tablet-equal-layout has-mobile-collapsedRows-layout has-vertical-center has-light-bg\"><div class=\"wp-block-themeisle-blocks-advanced-columns-overlay\"><\/div><div class=\"innerblocks-wrap\">\n<div id=\"wp-block-themeisle-blocks-advanced-column-d28288f2\" class=\"wp-block-themeisle-blocks-advanced-column has-light-bg\">\n<figure class=\"wp-block-image size-full\"><img loading=\"lazy\" decoding=\"async\" width=\"600\" height=\"600\" src=\"https:\/\/yveskalala.com\/wp-content\/uploads\/2025\/07\/leadership-services.jpg\" alt=\"\" class=\"wp-image-137\" srcset=\"https:\/\/yveskalala.com\/wp-content\/uploads\/2025\/07\/leadership-services.jpg 600w, https:\/\/yveskalala.com\/wp-content\/uploads\/2025\/07\/leadership-services-300x300.jpg 300w, https:\/\/yveskalala.com\/wp-content\/uploads\/2025\/07\/leadership-services-100x100.jpg 100w, https:\/\/yveskalala.com\/wp-content\/uploads\/2025\/07\/leadership-services-150x150.jpg 150w\" sizes=\"auto, (max-width: 600px) 100vw, 600px\" \/><\/figure>\n\n\n\n<h3 id=\"wp-block-themeisle-blocks-advanced-heading-8a0b8906\" class=\"wp-block-themeisle-blocks-advanced-heading wp-block-themeisle-blocks-advanced-heading-8a0b8906\">Coaching en leadership<\/h3>\n\n\n\n<p class=\"has-text-align-center\">Un coaching personnalis\u00e9 avec une clart\u00e9 et une orientation fond\u00e9es sur la foi.<\/p>\n\n\n\n<div id=\"wp-block-themeisle-blocks-button-group-63219d50\" class=\"wp-block-themeisle-blocks-button-group wp-block-buttons align-center\">\n<div id=\"wp-block-themeisle-blocks-button-9996673e\" class=\"wp-block-themeisle-blocks-button wp-block-button\"><a href=\"\" target=\"_self\" rel=\"noopener noreferrer\" class=\"wp-block-button__link\"><span>R\u00e9server<\/span><\/a><\/div>\n<\/div>\n<\/div>\n\n\n\n<div id=\"wp-block-themeisle-blocks-advanced-column-23261af1\" class=\"wp-block-themeisle-blocks-advanced-column has-light-bg\">\n<figure class=\"wp-block-image size-full\"><img loading=\"lazy\" decoding=\"async\" width=\"600\" height=\"600\" src=\"https:\/\/yveskalala.com\/wp-content\/uploads\/2025\/07\/cross-cultural-support.jpg\" alt=\"\" class=\"wp-image-138\" srcset=\"https:\/\/yveskalala.com\/wp-content\/uploads\/2025\/07\/cross-cultural-support.jpg 600w, https:\/\/yveskalala.com\/wp-content\/uploads\/2025\/07\/cross-cultural-support-300x300.jpg 300w, https:\/\/yveskalala.com\/wp-content\/uploads\/2025\/07\/cross-cultural-support-100x100.jpg 100w, https:\/\/yveskalala.com\/wp-content\/uploads\/2025\/07\/cross-cultural-support-150x150.jpg 150w\" sizes=\"auto, (max-width: 600px) 100vw, 600px\" \/><\/figure>\n\n\n\n<h3 id=\"wp-block-themeisle-blocks-advanced-heading-f8708a33\" class=\"wp-block-themeisle-blocks-advanced-heading wp-block-themeisle-blocks-advanced-heading-f8708a33\">Conseil interculturel<\/h3>\n\n\n\n<p class=\"has-text-align-center\">Formation interculturelle et strat\u00e9gies d'int\u00e9gration pour les \u00e9quipes mondiales.<\/p>\n\n\n\n<div id=\"wp-block-themeisle-blocks-button-group-d96ee6a6\" class=\"wp-block-themeisle-blocks-button-group wp-block-buttons align-center\">\n<div id=\"wp-block-themeisle-blocks-button-aa60676e\" class=\"wp-block-themeisle-blocks-button wp-block-button\"><a href=\"\" target=\"_self\" rel=\"noopener noreferrer\" class=\"wp-block-button__link\"><span>R\u00e9server<\/span><\/a><\/div>\n<\/div>\n<\/div>\n\n\n\n<div id=\"wp-block-themeisle-blocks-advanced-column-0a6be5db\" class=\"wp-block-themeisle-blocks-advanced-column has-light-bg\">\n<figure class=\"wp-block-image size-full\"><img loading=\"lazy\" decoding=\"async\" width=\"600\" height=\"600\" src=\"https:\/\/yveskalala.com\/wp-content\/uploads\/2025\/07\/education-services.jpg\" alt=\"\" class=\"wp-image-140\" srcset=\"https:\/\/yveskalala.com\/wp-content\/uploads\/2025\/07\/education-services.jpg 600w, https:\/\/yveskalala.com\/wp-content\/uploads\/2025\/07\/education-services-300x300.jpg 300w, https:\/\/yveskalala.com\/wp-content\/uploads\/2025\/07\/education-services-100x100.jpg 100w, https:\/\/yveskalala.com\/wp-content\/uploads\/2025\/07\/education-services-150x150.jpg 150w\" sizes=\"auto, (max-width: 600px) 100vw, 600px\" \/><\/figure>\n\n\n\n<h3 id=\"wp-block-themeisle-blocks-advanced-heading-ad9f6188\" class=\"wp-block-themeisle-blocks-advanced-heading wp-block-themeisle-blocks-advanced-heading-ad9f6188\">Enseignement sup\u00e9rieur et carri\u00e8re<\/h3>\n\n\n\n<p class=\"has-text-align-center\">Conception de programmes, services aux \u00e9tudiants et mentorat professionnel.<\/p>\n\n\n\n<div id=\"wp-block-themeisle-blocks-button-group-85849f16\" class=\"wp-block-themeisle-blocks-button-group wp-block-buttons align-center\">\n<div id=\"wp-block-themeisle-blocks-button-c026f9e1\" class=\"wp-block-themeisle-blocks-button wp-block-button\"><a href=\"\" target=\"_self\" rel=\"noopener noreferrer\" class=\"wp-block-button__link\"><span>R\u00e9server<\/span><\/a><\/div>\n<\/div>\n<\/div>\n<\/div><\/section>\n\n\n\n<section id=\"wp-block-themeisle-blocks-advanced-columns-7bba89b7\" class=\"wp-block-themeisle-blocks-advanced-columns alignfull has-2-columns has-desktop-equal-layout has-tablet-equal-layout has-mobile-collapsedRows-layout has-vertical-center has-light-bg\"><div class=\"wp-block-themeisle-blocks-advanced-columns-overlay\"><\/div><div class=\"innerblocks-wrap\">\n<div id=\"wp-block-themeisle-blocks-advanced-column-a6da184f\" class=\"wp-block-themeisle-blocks-advanced-column has-light-bg\">\n<figure class=\"wp-block-image size-full\"><img loading=\"lazy\" decoding=\"async\" width=\"600\" height=\"600\" src=\"https:\/\/yveskalala.com\/wp-content\/uploads\/2025\/07\/speaking-services.jpg\" alt=\"\" class=\"wp-image-141\" srcset=\"https:\/\/yveskalala.com\/wp-content\/uploads\/2025\/07\/speaking-services.jpg 600w, https:\/\/yveskalala.com\/wp-content\/uploads\/2025\/07\/speaking-services-300x300.jpg 300w, https:\/\/yveskalala.com\/wp-content\/uploads\/2025\/07\/speaking-services-100x100.jpg 100w, https:\/\/yveskalala.com\/wp-content\/uploads\/2025\/07\/speaking-services-150x150.jpg 150w\" sizes=\"auto, (max-width: 600px) 100vw, 600px\" \/><\/figure>\n\n\n\n<h3 id=\"wp-block-themeisle-blocks-advanced-heading-268021e3\" class=\"wp-block-themeisle-blocks-advanced-heading wp-block-themeisle-blocks-advanced-heading-268021e3\">Interventions et facilitation<\/h3>\n\n\n\n<p class=\"has-text-align-center\">Conf\u00e9rences, ateliers et retraites spirituelles sur l'objectif et le leadership.<\/p>\n\n\n\n<div id=\"wp-block-themeisle-blocks-button-group-6249f45e\" class=\"wp-block-themeisle-blocks-button-group wp-block-buttons align-center\">\n<div id=\"wp-block-themeisle-blocks-button-09134ba6\" class=\"wp-block-themeisle-blocks-button wp-block-button\"><a href=\"\" target=\"_self\" rel=\"noopener noreferrer\" class=\"wp-block-button__link\"><span>R\u00e9server<\/span><\/a><\/div>\n<\/div>\n<\/div>\n\n\n\n<div id=\"wp-block-themeisle-blocks-advanced-column-2974b80e\" class=\"wp-block-themeisle-blocks-advanced-column has-light-bg\">\n<figure class=\"wp-block-image size-full\"><img loading=\"lazy\" decoding=\"async\" width=\"600\" height=\"600\" src=\"https:\/\/yveskalala.com\/wp-content\/uploads\/2025\/07\/group-discussion.jpg\" alt=\"\" class=\"wp-image-142\" srcset=\"https:\/\/yveskalala.com\/wp-content\/uploads\/2025\/07\/group-discussion.jpg 600w, https:\/\/yveskalala.com\/wp-content\/uploads\/2025\/07\/group-discussion-300x300.jpg 300w, https:\/\/yveskalala.com\/wp-content\/uploads\/2025\/07\/group-discussion-100x100.jpg 100w, https:\/\/yveskalala.com\/wp-content\/uploads\/2025\/07\/group-discussion-150x150.jpg 150w\" sizes=\"auto, (max-width: 600px) 100vw, 600px\" \/><\/figure>\n\n\n\n<h3 id=\"wp-block-themeisle-blocks-advanced-heading-c873ea4d\" class=\"wp-block-themeisle-blocks-advanced-heading wp-block-themeisle-blocks-advanced-heading-c873ea4d\">Engagement communautaire<\/h3>\n\n\n\n<p class=\"has-text-align-center\">D\u00e9veloppement de la main-d'\u0153uvre, mentorat et relations avec les parties prenantes.<\/p>\n\n\n\n<div id=\"wp-block-themeisle-blocks-button-group-372198f5\" class=\"wp-block-themeisle-blocks-button-group wp-block-buttons align-center\">\n<div id=\"wp-block-themeisle-blocks-button-743e6c0a\" class=\"wp-block-themeisle-blocks-button wp-block-button\"><a href=\"\" target=\"_self\" rel=\"noopener noreferrer\" class=\"wp-block-button__link\"><span>R\u00e9server<\/span><\/a><\/div>\n<\/div>\n<\/div>\n<\/div><\/section>\n\n\n\n<div id=\"wp-block-themeisle-blocks-advanced-columns-22ab60aa\" class=\"wp-block-themeisle-blocks-advanced-columns alignfull has-1-columns has-desktop-equal-layout has-tablet-equal-layout has-mobile-equal-layout has-vertical-unset\"><div class=\"wp-block-themeisle-blocks-advanced-columns-overlay\"><\/div><div class=\"innerblocks-wrap\">\n<div id=\"wp-block-themeisle-blocks-advanced-column-ba85c234\" class=\"wp-block-themeisle-blocks-advanced-column\">\n<div id=\"wp-block-themeisle-blocks-icon-list-44b93baf\" class=\"wp-block-themeisle-blocks-icon-list is-style-horizontal ticss-b6c7ec6f\">\n<div id=\"wp-block-themeisle-blocks-icon-list-item-cad7ed02\" class=\"wp-block-themeisle-blocks-icon-list-item\"><i class=\"fas fa-star wp-block-themeisle-blocks-icon-list-item-icon-custom\"><\/i><p class=\"wp-block-themeisle-blocks-icon-list-item-content\">Point 5 de la liste<\/p><\/div>\n\n\n\n<div id=\"wp-block-themeisle-blocks-icon-list-item-f29ef0a3\" class=\"wp-block-themeisle-blocks-icon-list-item\"><i class=\"fas fa-star wp-block-themeisle-blocks-icon-list-item-icon-custom\"><\/i><p class=\"wp-block-themeisle-blocks-icon-list-item-content\">Point 5 de la liste<\/p><\/div>\n\n\n\n<div id=\"wp-block-themeisle-blocks-icon-list-item-fa7e2e77\" class=\"wp-block-themeisle-blocks-icon-list-item\"><i class=\"fas fa-star wp-block-themeisle-blocks-icon-list-item-icon-custom\"><\/i><p class=\"wp-block-themeisle-blocks-icon-list-item-content\">Point 5 de la liste<\/p><\/div>\n\n\n\n<div id=\"wp-block-themeisle-blocks-icon-list-item-3430e63a\" class=\"wp-block-themeisle-blocks-icon-list-item\"><i class=\"fas fa-star wp-block-themeisle-blocks-icon-list-item-icon-custom\"><\/i><p class=\"wp-block-themeisle-blocks-icon-list-item-content\">Point 5 de la liste<\/p><\/div>\n\n\n\n<div id=\"wp-block-themeisle-blocks-icon-list-item-2f353fdf\" class=\"wp-block-themeisle-blocks-icon-list-item\"><i class=\"fas fa-star wp-block-themeisle-blocks-icon-list-item-icon-custom\"><\/i><p class=\"wp-block-themeisle-blocks-icon-list-item-content\">Point 5 de la liste<\/p><\/div>\n<\/div>\n\n\n\n<div style=\"height:20px\" aria-hidden=\"true\" class=\"wp-block-spacer\"><\/div>\n\n\n\n<p id=\"wp-block-themeisle-blocks-advanced-heading-a7367f76\" class=\"wp-block-themeisle-blocks-advanced-heading wp-block-themeisle-blocks-advanced-heading-a7367f76\">\"Travailler avec Yves m'a transform\u00e9. Sa capacit\u00e9 \u00e0 \u00e9couter profond\u00e9ment, \u00e0 poser les bonnes questions et \u00e0 int\u00e9grer la foi dans le leadership a eu un impact profond sur mon d\u00e9veloppement personnel et professionnel. Je suis reparti avec de la clart\u00e9, de la confiance et un objectif renouvel\u00e9\".<\/p>\n\n\n<div class=\"wp-block-image is-style-rounded\">\n<figure class=\"aligncenter size-full is-resized\"><img loading=\"lazy\" decoding=\"async\" width=\"600\" height=\"600\" src=\"https:\/\/yveskalala.com\/wp-content\/uploads\/2025\/07\/testimonial1.jpg\" alt=\"\" class=\"wp-image-146\" style=\"width:60px;height:60px\" srcset=\"https:\/\/yveskalala.com\/wp-content\/uploads\/2025\/07\/testimonial1.jpg 600w, https:\/\/yveskalala.com\/wp-content\/uploads\/2025\/07\/testimonial1-300x300.jpg 300w, https:\/\/yveskalala.com\/wp-content\/uploads\/2025\/07\/testimonial1-100x100.jpg 100w, https:\/\/yveskalala.com\/wp-content\/uploads\/2025\/07\/testimonial1-150x150.jpg 150w\" sizes=\"auto, (max-width: 600px) 100vw, 600px\" \/><\/figure>\n<\/div>\n\n\n<div style=\"height:16px\" aria-hidden=\"true\" class=\"wp-block-spacer\"><\/div>\n\n\n\n<div id=\"wp-block-themeisle-blocks-advanced-heading-bacefec2\" class=\"wp-block-themeisle-blocks-advanced-heading wp-block-themeisle-blocks-advanced-heading-bacefec2\">Grace A. <\/div>\n<\/div>\n<\/div><\/div>\n\n\n\n<section id=\"wp-block-themeisle-blocks-advanced-columns-7ce45547\" class=\"wp-block-themeisle-blocks-advanced-columns alignfull has-2-columns has-desktop-equal-layout has-tablet-equal-layout has-mobile-collapsedRows-layout has-vertical-center has-reverse-columns-mobile has-dark-bg\"><div class=\"wp-block-themeisle-blocks-advanced-columns-overlay\"><\/div><div class=\"innerblocks-wrap\">\n<div id=\"wp-block-themeisle-blocks-advanced-column-7c09749a\" class=\"wp-block-themeisle-blocks-advanced-column has-dark-bg\">\n<div id=\"wp-block-themeisle-blocks-advanced-heading-10c7a943\" class=\"wp-block-themeisle-blocks-advanced-heading wp-block-themeisle-blocks-advanced-heading-10c7a943\"><strong>CONTACTEZ-NOUS<\/strong><\/div>\n\n\n\n<h2 class=\"wp-block-heading has-text-align-left has-nv-text-dark-bg-color has-text-color\">Pr\u00eat \u00e0 diriger avec d\u00e9termination ?<\/h2>\n\n\n\n<p class=\"has-nv-text-dark-bg-color has-text-color\">Travaillons ensemble pour aligner vos valeurs, votre vision et vos objectifs, que vous soyez un leader \u00e9mergent, une organisation mondiale ou un b\u00e2tisseur de communaut\u00e9.<\/p>\n\n\n\n<div id=\"wp-block-themeisle-blocks-button-group-6f732b60\" class=\"wp-block-themeisle-blocks-button-group wp-block-buttons align-left\">\n<div id=\"wp-block-themeisle-blocks-button-9dc1b1bd\" class=\"wp-block-themeisle-blocks-button wp-block-button\"><a href=\"https:\/\/yveskalala.com\/fr\/my-services\/\" target=\"_self\" rel=\"noopener noreferrer\" class=\"wp-block-button__link\"><span><strong>CONTACTEZ-MOI<\/strong><\/span><\/a><\/div>\n<\/div>\n<\/div>\n\n\n\n<div id=\"wp-block-themeisle-blocks-advanced-column-22c1f3d4\" class=\"wp-block-themeisle-blocks-advanced-column\"><\/div>\n<\/div><\/section>","protected":false},"excerpt":{"rendered":"","protected":false},"author":1,"featured_media":0,"parent":0,"menu_order":0,"comment_status":"closed","ping_status":"closed","template":"page-templates\/template-pagebuilder-full-width.php","meta":{"pagelayer_contact_templates":[],"_pagelayer_content":"","neve_meta_sidebar":"full-width","neve_meta_container":"","neve_meta_enable_content_width":"on","neve_meta_content_width":100,"neve_meta_title_alignment":"","neve_meta_author_avatar":"","neve_post_elements_order":"","neve_meta_disable_header":"","neve_meta_disable_footer":"","neve_meta_disable_title":"","_themeisle_gutenberg_block_has_review":false,"footnotes":""},"class_list":["post-78","page","type-page","status-publish","hentry"],"_links":{"self":[{"href":"https:\/\/yveskalala.com\/fr\/wp-json\/wp\/v2\/pages\/78","targetHints":{"allow":["GET"]}}],"collection":[{"href":"https:\/\/yveskalala.com\/fr\/wp-json\/wp\/v2\/pages"}],"about":[{"href":"https:\/\/yveskalala.com\/fr\/wp-json\/wp\/v2\/types\/page"}],"author":[{"embeddable":true,"href":"https:\/\/yveskalala.com\/fr\/wp-json\/wp\/v2\/users\/1"}],"replies":[{"embeddable":true,"href":"https:\/\/yveskalala.com\/fr\/wp-json\/wp\/v2\/comments?post=78"}],"version-history":[{"count":4,"href":"https:\/\/yveskalala.com\/fr\/wp-json\/wp\/v2\/pages\/78\/revisions"}],"predecessor-version":[{"id":215,"href":"https:\/\/yveskalala.com\/fr\/wp-json\/wp\/v2\/pages\/78\/revisions\/215"}],"wp:attachment":[{"href":"https:\/\/yveskalala.com\/fr\/wp-json\/wp\/v2\/media?parent=78"}],"curies":[{"name":"wp","href":"https:\/\/api.w.org\/{rel}","templated":true}]}}