{"id":77,"date":"2020-07-16T07:17:16","date_gmt":"2020-07-16T07:17:16","guid":{"rendered":"https:\/\/demosites.io\/fitness-trainer-gb\/?page_id=77"},"modified":"2025-10-27T11:08:54","modified_gmt":"2025-10-27T11:08:54","slug":"9cafb-home","status":"publish","type":"page","link":"https:\/\/yveskalala.com\/fr\/","title":{"rendered":"Accueil"},"content":{"rendered":"Un objectif \u00e0 atteindre\n\n\n\n<h4>Diriger avec un objectif. Servir avec vision.<\/h4>\n\n\n\n<p class=\"has-text-align-center has-nv-text-dark-bg-color has-text-color has-link-color wp-elements-3291e1ac76c2b421e8d2ec8617ab39d4\">Donner aux individus et aux institutions les moyens d'agir gr\u00e2ce \u00e0 un coaching fond\u00e9 sur la foi et \u00e0 une vision interculturelle.<\/p>\n\n\n\n\n\n\n\n\n\nPerspective globale.\n\n\n\n<h4>Du Congo, du Malawi au Canada - Une vie d'influence interculturelle<\/h4>\n\n\n\n<p class=\"has-text-align-center has-nv-site-bg-color has-text-color has-link-color wp-elements-2ebb9a92f89a06b511ea383a0a0ea2ea\">Yves apporte plus d'une d\u00e9cennie d'exp\u00e9rience internationale dans les domaines de l'\u00e9ducation, du minist\u00e8re et du d\u00e9veloppement communautaire.<\/p>\n\n\n\n\n\n\n\n\n\nTransformation\n\n\n\n<h4>Un coaching qui aligne les valeurs sur la strat\u00e9gie<\/h4>\n\n\n\n<p class=\"has-text-align-center has-nv-site-bg-color has-text-color has-link-color wp-elements-d186fdca047b01aca408cae6426b3707\">Coaching personnalis\u00e9 pour les leaders \u00e9mergents et exp\u00e9riment\u00e9s en qu\u00eate de clart\u00e9, de croissance et d'ancrage spirituel.<\/p>\n\n\n\n\n\n\n\n\n<section id=\"wp-block-themeisle-blocks-advanced-columns-6013fee3\" class=\"wp-block-themeisle-blocks-advanced-columns alignfull has-1-columns has-desktop-equal-layout has-tablet-equal-layout has-mobile-equal-layout has-vertical-flex-start\"><div class=\"wp-block-themeisle-blocks-advanced-columns-overlay\"><\/div><div class=\"innerblocks-wrap\">\n<div id=\"wp-block-themeisle-blocks-advanced-column-1a42e736\" class=\"wp-block-themeisle-blocks-advanced-column\">\n<div id=\"wp-block-themeisle-blocks-advanced-heading-04822d82\" class=\"wp-block-themeisle-blocks-advanced-heading wp-block-themeisle-blocks-advanced-heading-04822d82\">Qui je suis<\/div>\n\n\n\n<h2 class=\"wp-block-heading has-text-align-center\">\u00c0 propos de moi<\/h2>\n\n\n\n<p class=\"has-text-align-center\">Yves Kalala est un coach en leadership, un expert en \u00e9ducation internationale et un leader communautaire avec un c\u0153ur pour le service et la transformation interculturelle. De la RDC au Canada, sa mission est d'aider les individus et les institutions \u00e0 s'aligner sur les valeurs de la soci\u00e9t\u00e9. <strong>un objectif qui a de l'impact<\/strong>.<\/p>\n\n\n\n<figure class=\"wp-block-embed aligncenter is-type-video is-provider-youtube wp-block-embed-youtube wp-embed-aspect-16-9 wp-has-aspect-ratio\"><div class=\"wp-block-embed__wrapper\">\n<div class=\"nv-iframe-embed\"><iframe loading=\"lazy\" title=\"My name is Yves Kalala\" width=\"1200\" height=\"675\" src=\"https:\/\/www.youtube.com\/embed\/M6bRYsg8FY0?feature=oembed\" frameborder=\"0\" allow=\"accelerometer; autoplay; clipboard-write; encrypted-media; gyroscope; picture-in-picture; web-share\" referrerpolicy=\"strict-origin-when-cross-origin\" allowfullscreen><\/iframe><\/div>\n<\/div><\/figure>\n<\/div>\n<\/div><\/section>\n\n\n\n<section id=\"wp-block-themeisle-blocks-advanced-columns-ab083159\" class=\"wp-block-themeisle-blocks-advanced-columns alignfull has-3-columns has-desktop-equal-layout has-tablet-equal-layout has-mobile-collapsedRows-layout has-vertical-unset has-vertical-undefined has-dark-bg\"><div class=\"wp-block-themeisle-blocks-advanced-columns-overlay\"><\/div><div class=\"innerblocks-wrap\">\n<div id=\"wp-block-themeisle-blocks-advanced-column-b9f37e87\" class=\"wp-block-themeisle-blocks-advanced-column has-light-bg\">\n<div id=\"wp-block-themeisle-blocks-font-awesome-icons-a5f36d09\" class=\"wp-block-themeisle-blocks-font-awesome-icons\"><span class=\"wp-block-themeisle-blocks-font-awesome-icons-container\"><i class=\"fas fa-dumbbell\"><\/i><\/span><\/div>\n\n\n\n<h3 id=\"wp-block-themeisle-blocks-advanced-heading-8a8aeffe\" class=\"wp-block-themeisle-blocks-advanced-heading wp-block-themeisle-blocks-advanced-heading-8a8aeffe\">Plus d'une d\u00e9cennie d'exp\u00e9rience mondiale<\/h3>\n\n\n\n<p class=\"has-text-align-center has-neve-text-color-color has-text-color\">De la R\u00e9publique d\u00e9mocratique du Congo au Canada, Yves a travaill\u00e9 dans des universit\u00e9s, des ONG et des organisations religieuses, guidant les dirigeants et les institutions dans une optique interculturelle.<\/p>\n<\/div>\n\n\n\n<div id=\"wp-block-themeisle-blocks-advanced-column-269a9673\" class=\"wp-block-themeisle-blocks-advanced-column has-light-bg\">\n<div id=\"wp-block-themeisle-blocks-font-awesome-icons-80d0fa63\" class=\"wp-block-themeisle-blocks-font-awesome-icons\"><span class=\"wp-block-themeisle-blocks-font-awesome-icons-container\"><i class=\"far fa-file-video\"><\/i><\/span><\/div>\n\n\n\n<h3 id=\"wp-block-themeisle-blocks-advanced-heading-61618057\" class=\"wp-block-themeisle-blocks-advanced-heading wp-block-themeisle-blocks-advanced-heading-61618057\">Approche du leadership fond\u00e9e sur la foi<\/h3>\n\n\n\n<p class=\"has-text-align-center has-neve-text-color-color has-text-color\">Yves allie les valeurs chr\u00e9tiennes \u00e0 la pens\u00e9e strat\u00e9gique pour donner aux autres les moyens d'agir. Son coaching est ancr\u00e9 dans l'objectif, l'empathie et la clart\u00e9 - con\u00e7u pour transformer les vies et les organisations.<\/p>\n<\/div>\n\n\n\n<div id=\"wp-block-themeisle-blocks-advanced-column-8fc46b79\" class=\"wp-block-themeisle-blocks-advanced-column has-light-bg\">\n<div id=\"wp-block-themeisle-blocks-font-awesome-icons-145e4029\" class=\"wp-block-themeisle-blocks-font-awesome-icons\"><span class=\"wp-block-themeisle-blocks-font-awesome-icons-container\"><i class=\"fas fa-blender\"><\/i><\/span><\/div>\n\n\n\n<h3 id=\"wp-block-themeisle-blocks-advanced-heading-641ab950\" class=\"wp-block-themeisle-blocks-advanced-heading wp-block-themeisle-blocks-advanced-heading-641ab950\">Parler couramment quatre langues, servir un public mondial<\/h3>\n\n\n\n<p class=\"has-text-align-center has-neve-text-color-color has-text-color\">Parlant couramment le fran\u00e7ais, l'anglais, le swahili et le chichewa, Yves \u00e9tablit des liens entre les cultures afin d'instaurer la confiance, d'offrir des conseils et d'aider les diff\u00e9rents leaders \u00e0 s'\u00e9panouir dans n'importe quel environnement.<\/p>\n<\/div>\n<\/div><\/section>\n\n\n\n<section id=\"wp-block-themeisle-blocks-advanced-columns-e4373a2b\" class=\"wp-block-themeisle-blocks-advanced-columns alignfull has-1-columns has-desktop-equal-layout has-tablet-equal-layout has-mobile-equal-layout has-vertical-flex-start\"><div class=\"wp-block-themeisle-blocks-advanced-columns-overlay\"><\/div><div class=\"innerblocks-wrap\">\n<div id=\"wp-block-themeisle-blocks-advanced-column-0b9db5af\" class=\"wp-block-themeisle-blocks-advanced-column\">\n<section id=\"wp-block-themeisle-blocks-advanced-columns-6fc7adce\" class=\"wp-block-themeisle-blocks-advanced-columns has-2-columns has-desktop-equal-layout has-tablet-equal-layout has-mobile-collapsedRows-layout has-vertical-flex-start\"><div class=\"wp-block-themeisle-blocks-advanced-columns-overlay\"><\/div><div class=\"innerblocks-wrap\">\n<div id=\"wp-block-themeisle-blocks-advanced-column-25e97a9a\" class=\"wp-block-themeisle-blocks-advanced-column ticss-51254d84\">\n<div id=\"wp-block-themeisle-blocks-icon-list-44b93baf\" class=\"wp-block-themeisle-blocks-icon-list is-style-horizontal ticss-b6c7ec6f\">\n<div id=\"wp-block-themeisle-blocks-icon-list-item-cad7ed02\" class=\"wp-block-themeisle-blocks-icon-list-item\"><i class=\"fas fa-star wp-block-themeisle-blocks-icon-list-item-icon-custom\"><\/i><p class=\"wp-block-themeisle-blocks-icon-list-item-content\">Point 5 de la liste<\/p><\/div>\n\n\n\n<div id=\"wp-block-themeisle-blocks-icon-list-item-f29ef0a3\" class=\"wp-block-themeisle-blocks-icon-list-item\"><i class=\"fas fa-star wp-block-themeisle-blocks-icon-list-item-icon-custom\"><\/i><p class=\"wp-block-themeisle-blocks-icon-list-item-content\">Point 5 de la liste<\/p><\/div>\n\n\n\n<div id=\"wp-block-themeisle-blocks-icon-list-item-fa7e2e77\" class=\"wp-block-themeisle-blocks-icon-list-item\"><i class=\"fas fa-star wp-block-themeisle-blocks-icon-list-item-icon-custom\"><\/i><p class=\"wp-block-themeisle-blocks-icon-list-item-content\">Point 5 de la liste<\/p><\/div>\n\n\n\n<div id=\"wp-block-themeisle-blocks-icon-list-item-3430e63a\" class=\"wp-block-themeisle-blocks-icon-list-item\"><i class=\"fas fa-star wp-block-themeisle-blocks-icon-list-item-icon-custom\"><\/i><p class=\"wp-block-themeisle-blocks-icon-list-item-content\">Point 5 de la liste<\/p><\/div>\n\n\n\n<div id=\"wp-block-themeisle-blocks-icon-list-item-2f353fdf\" class=\"wp-block-themeisle-blocks-icon-list-item\"><i class=\"fas fa-star wp-block-themeisle-blocks-icon-list-item-icon-custom\"><\/i><p class=\"wp-block-themeisle-blocks-icon-list-item-content\">Point 5 de la liste<\/p><\/div>\n<\/div>\n\n\n\n<div style=\"height:20px\" aria-hidden=\"true\" class=\"wp-block-spacer\"><\/div>\n\n\n\n<p class=\"has-text-align-center\">\"Travailler avec Yves m'a transform\u00e9. Sa capacit\u00e9 \u00e0 \u00e9couter profond\u00e9ment, \u00e0 poser les bonnes questions et \u00e0 int\u00e9grer la foi dans le leadership a eu un impact profond sur mon d\u00e9veloppement personnel et professionnel. Je suis reparti avec de la clart\u00e9, de la confiance et un objectif renouvel\u00e9\".<\/p>\n\n\n<div class=\"wp-block-image is-style-rounded\">\n<figure class=\"aligncenter size-full is-resized\"><img loading=\"lazy\" decoding=\"async\" width=\"600\" height=\"600\" src=\"https:\/\/yveskalala.com\/wp-content\/uploads\/2025\/07\/testimonial1.jpg\" alt=\"\" class=\"wp-image-146\" style=\"width:60px;height:60px\" srcset=\"https:\/\/yveskalala.com\/wp-content\/uploads\/2025\/07\/testimonial1.jpg 600w, https:\/\/yveskalala.com\/wp-content\/uploads\/2025\/07\/testimonial1-300x300.jpg 300w, https:\/\/yveskalala.com\/wp-content\/uploads\/2025\/07\/testimonial1-100x100.jpg 100w, https:\/\/yveskalala.com\/wp-content\/uploads\/2025\/07\/testimonial1-150x150.jpg 150w\" sizes=\"auto, (max-width: 600px) 100vw, 600px\" \/><\/figure>\n<\/div>\n\n\n<div style=\"height:16px\" aria-hidden=\"true\" class=\"wp-block-spacer\"><\/div>\n\n\n\n<div id=\"wp-block-themeisle-blocks-advanced-heading-8210511f\" class=\"wp-block-themeisle-blocks-advanced-heading wp-block-themeisle-blocks-advanced-heading-8210511f\">Grace A, responsable de l'enseignement sup\u00e9rieur<\/div>\n<\/div>\n\n\n\n<div id=\"wp-block-themeisle-blocks-advanced-column-b5b3ad1c\" class=\"wp-block-themeisle-blocks-advanced-column\">\n<div id=\"wp-block-themeisle-blocks-icon-list-0d41d1a6\" class=\"wp-block-themeisle-blocks-icon-list is-style-horizontal ticss-b6c7ec6f\">\n<div id=\"wp-block-themeisle-blocks-icon-list-item-583f77c1\" class=\"wp-block-themeisle-blocks-icon-list-item\"><i class=\"fas fa-star wp-block-themeisle-blocks-icon-list-item-icon-custom\"><\/i><p class=\"wp-block-themeisle-blocks-icon-list-item-content\">Point 5 de la liste<\/p><\/div>\n\n\n\n<div id=\"wp-block-themeisle-blocks-icon-list-item-c8e3cf4b\" class=\"wp-block-themeisle-blocks-icon-list-item\"><i class=\"fas fa-star wp-block-themeisle-blocks-icon-list-item-icon-custom\"><\/i><p class=\"wp-block-themeisle-blocks-icon-list-item-content\">Point 5 de la liste<\/p><\/div>\n\n\n\n<div id=\"wp-block-themeisle-blocks-icon-list-item-d69d19c8\" class=\"wp-block-themeisle-blocks-icon-list-item\"><i class=\"fas fa-star wp-block-themeisle-blocks-icon-list-item-icon-custom\"><\/i><p class=\"wp-block-themeisle-blocks-icon-list-item-content\">Point 5 de la liste<\/p><\/div>\n\n\n\n<div id=\"wp-block-themeisle-blocks-icon-list-item-e74e2510\" class=\"wp-block-themeisle-blocks-icon-list-item\"><i class=\"fas fa-star wp-block-themeisle-blocks-icon-list-item-icon-custom\"><\/i><p class=\"wp-block-themeisle-blocks-icon-list-item-content\">Point 5 de la liste<\/p><\/div>\n\n\n\n<div id=\"wp-block-themeisle-blocks-icon-list-item-1cffb16e\" class=\"wp-block-themeisle-blocks-icon-list-item\"><i class=\"fas fa-star wp-block-themeisle-blocks-icon-list-item-icon-custom\"><\/i><p class=\"wp-block-themeisle-blocks-icon-list-item-content\">Point 5 de la liste<\/p><\/div>\n<\/div>\n\n\n\n<div style=\"height:20px\" aria-hidden=\"true\" class=\"wp-block-spacer\"><\/div>\n\n\n\n<p class=\"has-text-align-center\">\"Yves apporte un m\u00e9lange rare d'exp\u00e9rience globale, de sagesse culturelle et de profondeur spirituelle. Qu'il s'adresse \u00e0 des \u00e9tudiants, qu'il coache une \u00e9quipe ou qu'il anime une retraite, il dirige avec humilit\u00e9 et perspicacit\u00e9. Chaque session avec lui est une classe de ma\u00eetre en mati\u00e8re de leadership orient\u00e9 vers un but pr\u00e9cis\".<\/p>\n\n\n<div class=\"wp-block-image is-style-rounded\">\n<figure class=\"aligncenter size-full is-resized\"><img loading=\"lazy\" decoding=\"async\" width=\"600\" height=\"600\" src=\"https:\/\/yveskalala.com\/wp-content\/uploads\/2025\/07\/testimonial2.jpg\" alt=\"\" class=\"wp-image-147\" style=\"width:60px;height:60px\" srcset=\"https:\/\/yveskalala.com\/wp-content\/uploads\/2025\/07\/testimonial2.jpg 600w, https:\/\/yveskalala.com\/wp-content\/uploads\/2025\/07\/testimonial2-300x300.jpg 300w, https:\/\/yveskalala.com\/wp-content\/uploads\/2025\/07\/testimonial2-100x100.jpg 100w, https:\/\/yveskalala.com\/wp-content\/uploads\/2025\/07\/testimonial2-150x150.jpg 150w\" sizes=\"auto, (max-width: 600px) 100vw, 600px\" \/><\/figure>\n<\/div>\n\n\n<div style=\"height:16px\" aria-hidden=\"true\" class=\"wp-block-spacer\"><\/div>\n\n\n\n<div id=\"wp-block-themeisle-blocks-advanced-heading-15191ef2\" class=\"wp-block-themeisle-blocks-advanced-heading wp-block-themeisle-blocks-advanced-heading-15191ef2\">Daniel K, Directeur d'association<\/div>\n<\/div>\n<\/div><\/section>\n<\/div>\n<\/div><\/section>\n\n\n\n<section id=\"wp-block-themeisle-blocks-advanced-columns-debe9c02\" class=\"wp-block-themeisle-blocks-advanced-columns alignfull has-1-columns has-desktop-equal-layout has-tablet-equal-layout has-mobile-equal-layout has-vertical-center has-light-bg\"><div class=\"wp-block-themeisle-blocks-advanced-columns-overlay\"><\/div><div class=\"innerblocks-wrap\">\n<div id=\"wp-block-themeisle-blocks-advanced-column-1cf06e66\" class=\"wp-block-themeisle-blocks-advanced-column\">\n<h2 class=\"wp-block-heading has-text-align-center\">V\u00e9rifier mes services<\/h2>\n<\/div>\n<\/div><\/section>\n\n\n\n<section id=\"wp-block-themeisle-blocks-advanced-columns-e23ca384\" class=\"wp-block-themeisle-blocks-advanced-columns alignfull has-3-columns has-desktop-equal-layout has-tablet-equal-layout has-mobile-collapsedRows-layout has-vertical-center has-light-bg\"><div class=\"wp-block-themeisle-blocks-advanced-columns-overlay\"><\/div><div class=\"innerblocks-wrap\">\n<div id=\"wp-block-themeisle-blocks-advanced-column-d28288f2\" class=\"wp-block-themeisle-blocks-advanced-column has-light-bg\">\n<figure class=\"wp-block-image size-full\"><img loading=\"lazy\" decoding=\"async\" width=\"600\" height=\"600\" src=\"https:\/\/yveskalala.com\/wp-content\/uploads\/2025\/07\/leadership-services.jpg\" alt=\"\" class=\"wp-image-137\" srcset=\"https:\/\/yveskalala.com\/wp-content\/uploads\/2025\/07\/leadership-services.jpg 600w, https:\/\/yveskalala.com\/wp-content\/uploads\/2025\/07\/leadership-services-300x300.jpg 300w, https:\/\/yveskalala.com\/wp-content\/uploads\/2025\/07\/leadership-services-100x100.jpg 100w, https:\/\/yveskalala.com\/wp-content\/uploads\/2025\/07\/leadership-services-150x150.jpg 150w\" sizes=\"auto, (max-width: 600px) 100vw, 600px\" \/><\/figure>\n\n\n\n<h3 id=\"wp-block-themeisle-blocks-advanced-heading-8a0b8906\" class=\"wp-block-themeisle-blocks-advanced-heading wp-block-themeisle-blocks-advanced-heading-8a0b8906\">Coaching en leadership<\/h3>\n\n\n\n<p class=\"has-text-align-center\">Un coaching personnalis\u00e9 avec une clart\u00e9 et une orientation fond\u00e9es sur la foi.<\/p>\n\n\n\n<div id=\"wp-block-themeisle-blocks-button-group-63219d50\" class=\"wp-block-themeisle-blocks-button-group wp-block-buttons align-center\">\n<div id=\"wp-block-themeisle-blocks-button-9996673e\" class=\"wp-block-themeisle-blocks-button wp-block-button\"><a href=\"https:\/\/yveskalala.com\/fr\/contact\/\" target=\"_self\" rel=\"noopener noreferrer\" class=\"wp-block-button__link\"><span>R\u00e9server<\/span><\/a><\/div>\n<\/div>\n<\/div>\n\n\n\n<div id=\"wp-block-themeisle-blocks-advanced-column-23261af1\" class=\"wp-block-themeisle-blocks-advanced-column has-light-bg\">\n<figure class=\"wp-block-image size-full\"><img loading=\"lazy\" decoding=\"async\" width=\"600\" height=\"600\" src=\"https:\/\/yveskalala.com\/wp-content\/uploads\/2025\/07\/cross-cultural-support.jpg\" alt=\"\" class=\"wp-image-138\" srcset=\"https:\/\/yveskalala.com\/wp-content\/uploads\/2025\/07\/cross-cultural-support.jpg 600w, https:\/\/yveskalala.com\/wp-content\/uploads\/2025\/07\/cross-cultural-support-300x300.jpg 300w, https:\/\/yveskalala.com\/wp-content\/uploads\/2025\/07\/cross-cultural-support-100x100.jpg 100w, https:\/\/yveskalala.com\/wp-content\/uploads\/2025\/07\/cross-cultural-support-150x150.jpg 150w\" sizes=\"auto, (max-width: 600px) 100vw, 600px\" \/><\/figure>\n\n\n\n<h3 id=\"wp-block-themeisle-blocks-advanced-heading-f8708a33\" class=\"wp-block-themeisle-blocks-advanced-heading wp-block-themeisle-blocks-advanced-heading-f8708a33\">Conseil interculturel<\/h3>\n\n\n\n<p class=\"has-text-align-center\">Formation interculturelle et strat\u00e9gies d'int\u00e9gration pour les \u00e9quipes mondiales.<\/p>\n\n\n\n<div id=\"wp-block-themeisle-blocks-button-group-d96ee6a6\" class=\"wp-block-themeisle-blocks-button-group wp-block-buttons align-center\">\n<div id=\"wp-block-themeisle-blocks-button-aa60676e\" class=\"wp-block-themeisle-blocks-button wp-block-button\"><a href=\"https:\/\/yveskalala.com\/fr\/contact\/\" target=\"_self\" rel=\"noopener noreferrer\" class=\"wp-block-button__link\"><span>R\u00e9server<\/span><\/a><\/div>\n<\/div>\n<\/div>\n\n\n\n<div id=\"wp-block-themeisle-blocks-advanced-column-0a6be5db\" class=\"wp-block-themeisle-blocks-advanced-column has-light-bg\">\n<figure class=\"wp-block-image size-full\"><img loading=\"lazy\" decoding=\"async\" width=\"600\" height=\"600\" src=\"https:\/\/yveskalala.com\/wp-content\/uploads\/2025\/07\/education-services.jpg\" alt=\"\" class=\"wp-image-140\" srcset=\"https:\/\/yveskalala.com\/wp-content\/uploads\/2025\/07\/education-services.jpg 600w, https:\/\/yveskalala.com\/wp-content\/uploads\/2025\/07\/education-services-300x300.jpg 300w, https:\/\/yveskalala.com\/wp-content\/uploads\/2025\/07\/education-services-100x100.jpg 100w, https:\/\/yveskalala.com\/wp-content\/uploads\/2025\/07\/education-services-150x150.jpg 150w\" sizes=\"auto, (max-width: 600px) 100vw, 600px\" \/><\/figure>\n\n\n\n<h3 id=\"wp-block-themeisle-blocks-advanced-heading-ad9f6188\" class=\"wp-block-themeisle-blocks-advanced-heading wp-block-themeisle-blocks-advanced-heading-ad9f6188\">Enseignement sup\u00e9rieur et carri\u00e8re<\/h3>\n\n\n\n<p class=\"has-text-align-center\">Conception de programmes, services aux \u00e9tudiants et mentorat professionnel.<\/p>\n\n\n\n<div id=\"wp-block-themeisle-blocks-button-group-85849f16\" class=\"wp-block-themeisle-blocks-button-group wp-block-buttons align-center\">\n<div id=\"wp-block-themeisle-blocks-button-c026f9e1\" class=\"wp-block-themeisle-blocks-button wp-block-button\"><a href=\"https:\/\/yveskalala.com\/fr\/contact\/\" target=\"_self\" rel=\"noopener noreferrer\" class=\"wp-block-button__link\"><span>R\u00e9server<\/span><\/a><\/div>\n<\/div>\n<\/div>\n<\/div><\/section>\n\n\n\n<section id=\"wp-block-themeisle-blocks-advanced-columns-7bba89b7\" class=\"wp-block-themeisle-blocks-advanced-columns alignfull has-4-columns has-desktop-equal-layout has-tablet-equal-layout has-mobile-collapsedRows-layout has-vertical-center has-light-bg\"><div class=\"wp-block-themeisle-blocks-advanced-columns-overlay\"><\/div><div class=\"innerblocks-wrap\">\n<div id=\"wp-block-themeisle-blocks-advanced-column-e30d7be7\" class=\"wp-block-themeisle-blocks-advanced-column\">\n<div id=\"wp-block-themeisle-blocks-advanced-columns-1c0d80c1\" class=\"wp-block-themeisle-blocks-advanced-columns has-1-columns has-desktop-equal-layout has-tablet-equal-layout has-mobile-equal-layout has-vertical-unset\"><div class=\"wp-block-themeisle-blocks-advanced-columns-overlay\"><\/div><div class=\"innerblocks-wrap\">\n<div id=\"wp-block-themeisle-blocks-advanced-column-0d9f1b15\" class=\"wp-block-themeisle-blocks-advanced-column\">\n<div id=\"wp-block-themeisle-blocks-advanced-columns-cbf706a0\" class=\"wp-block-themeisle-blocks-advanced-columns has-1-columns has-desktop-equal-layout has-tablet-equal-layout has-mobile-equal-layout has-vertical-unset\"><div class=\"wp-block-themeisle-blocks-advanced-columns-overlay\"><\/div><div class=\"innerblocks-wrap\">\n<div id=\"wp-block-themeisle-blocks-advanced-column-8358900d\" class=\"wp-block-themeisle-blocks-advanced-column\"><\/div>\n<\/div><\/div>\n<\/div>\n<\/div><\/div>\n<\/div>\n\n\n\n<div id=\"wp-block-themeisle-blocks-advanced-column-a6da184f\" class=\"wp-block-themeisle-blocks-advanced-column has-light-bg\">\n<figure class=\"wp-block-image size-full\"><img loading=\"lazy\" decoding=\"async\" width=\"600\" height=\"600\" src=\"https:\/\/yveskalala.com\/wp-content\/uploads\/2025\/07\/speaking-services.jpg\" alt=\"\" class=\"wp-image-141\" srcset=\"https:\/\/yveskalala.com\/wp-content\/uploads\/2025\/07\/speaking-services.jpg 600w, https:\/\/yveskalala.com\/wp-content\/uploads\/2025\/07\/speaking-services-300x300.jpg 300w, https:\/\/yveskalala.com\/wp-content\/uploads\/2025\/07\/speaking-services-100x100.jpg 100w, https:\/\/yveskalala.com\/wp-content\/uploads\/2025\/07\/speaking-services-150x150.jpg 150w\" sizes=\"auto, (max-width: 600px) 100vw, 600px\" \/><\/figure>\n\n\n\n<h3 id=\"wp-block-themeisle-blocks-advanced-heading-268021e3\" class=\"wp-block-themeisle-blocks-advanced-heading wp-block-themeisle-blocks-advanced-heading-268021e3\">Interventions et facilitation<\/h3>\n\n\n\n<p class=\"has-text-align-center\">Conf\u00e9rences, ateliers et retraites spirituelles sur l'objectif et le leadership.<\/p>\n\n\n\n<div id=\"wp-block-themeisle-blocks-button-group-6249f45e\" class=\"wp-block-themeisle-blocks-button-group wp-block-buttons align-center\">\n<div id=\"wp-block-themeisle-blocks-button-09134ba6\" class=\"wp-block-themeisle-blocks-button wp-block-button\"><a href=\"https:\/\/yveskalala.com\/fr\/contact\/\" target=\"_self\" rel=\"noopener noreferrer\" class=\"wp-block-button__link\"><span>R\u00e9server<\/span><\/a><\/div>\n<\/div>\n<\/div>\n\n\n\n<div id=\"wp-block-themeisle-blocks-advanced-column-2974b80e\" class=\"wp-block-themeisle-blocks-advanced-column has-light-bg\">\n<figure class=\"wp-block-image size-full\"><img loading=\"lazy\" decoding=\"async\" width=\"600\" height=\"600\" src=\"https:\/\/yveskalala.com\/wp-content\/uploads\/2025\/07\/group-discussion.jpg\" alt=\"\" class=\"wp-image-142\" srcset=\"https:\/\/yveskalala.com\/wp-content\/uploads\/2025\/07\/group-discussion.jpg 600w, https:\/\/yveskalala.com\/wp-content\/uploads\/2025\/07\/group-discussion-300x300.jpg 300w, https:\/\/yveskalala.com\/wp-content\/uploads\/2025\/07\/group-discussion-100x100.jpg 100w, https:\/\/yveskalala.com\/wp-content\/uploads\/2025\/07\/group-discussion-150x150.jpg 150w\" sizes=\"auto, (max-width: 600px) 100vw, 600px\" \/><\/figure>\n\n\n\n<h3 id=\"wp-block-themeisle-blocks-advanced-heading-c873ea4d\" class=\"wp-block-themeisle-blocks-advanced-heading wp-block-themeisle-blocks-advanced-heading-c873ea4d\">Engagement communautaire<\/h3>\n\n\n\n<p class=\"has-text-align-center\">D\u00e9veloppement de la main-d'\u0153uvre, mentorat et relations avec les parties prenantes.<\/p>\n\n\n\n<div id=\"wp-block-themeisle-blocks-button-group-372198f5\" class=\"wp-block-themeisle-blocks-button-group wp-block-buttons align-center\">\n<div id=\"wp-block-themeisle-blocks-button-743e6c0a\" class=\"wp-block-themeisle-blocks-button wp-block-button\"><a href=\"https:\/\/yveskalala.com\/fr\/contact\/\" target=\"_self\" rel=\"noopener noreferrer\" class=\"wp-block-button__link\"><span>R\u00e9server<\/span><\/a><\/div>\n<\/div>\n<\/div>\n\n\n\n<div id=\"wp-block-themeisle-blocks-advanced-column-552e8053\" class=\"wp-block-themeisle-blocks-advanced-column\"><\/div>\n<\/div><\/section>\n\n\n\n<section id=\"wp-block-themeisle-blocks-advanced-columns-cb87630d\" class=\"wp-block-themeisle-blocks-advanced-columns alignfull has-1-columns has-desktop-equal-layout has-tablet-equal-layout has-mobile-equal-layout has-vertical-center has-dark-bg\"><div class=\"wp-block-themeisle-blocks-advanced-columns-overlay\"><\/div><div class=\"innerblocks-wrap\">\n<div id=\"wp-block-themeisle-blocks-advanced-column-a521c34e\" class=\"wp-block-themeisle-blocks-advanced-column\">\n<h2 class=\"wp-block-heading has-text-align-center has-nv-text-dark-bg-color has-text-color\">Pr\u00eat \u00e0 diriger avec d\u00e9termination ?<\/h2>\n\n\n\n<p class=\"has-text-align-center\"><\/p>\n\n\n\n<p class=\"has-text-align-center\">Prenons contact et commen\u00e7ons votre voyage...<\/p>\n\n\n\n<div id=\"wp-block-themeisle-blocks-button-group-abc9edd2\" class=\"wp-block-themeisle-blocks-button-group wp-block-buttons align-center\">\n<div id=\"wp-block-themeisle-blocks-button-aa9a6c1f\" class=\"wp-block-themeisle-blocks-button wp-block-button\"><a href=\"https:\/\/yveskalala.com\/fr\/contact\/\" target=\"_self\" rel=\"noopener noreferrer\" class=\"wp-block-button__link\"><span>CONTACTEZ-NOUS<\/span><\/a><\/div>\n<\/div>\n<\/div>\n<\/div><\/section>","protected":false},"excerpt":{"rendered":"","protected":false},"author":1,"featured_media":125,"parent":0,"menu_order":0,"comment_status":"closed","ping_status":"closed","template":"page-templates\/template-pagebuilder-full-width.php","meta":{"pagelayer_contact_templates":[],"_pagelayer_content":"","neve_meta_sidebar":"full-width","neve_meta_container":"","neve_meta_enable_content_width":"on","neve_meta_content_width":100,"neve_meta_title_alignment":"","neve_meta_author_avatar":"","neve_post_elements_order":"","neve_meta_disable_header":"","neve_meta_disable_footer":"","neve_meta_disable_title":"","_themeisle_gutenberg_block_has_review":false,"footnotes":""},"class_list":["post-77","page","type-page","status-publish","has-post-thumbnail","hentry"],"_links":{"self":[{"href":"https:\/\/yveskalala.com\/fr\/wp-json\/wp\/v2\/pages\/77","targetHints":{"allow":["GET"]}}],"collection":[{"href":"https:\/\/yveskalala.com\/fr\/wp-json\/wp\/v2\/pages"}],"about":[{"href":"https:\/\/yveskalala.com\/fr\/wp-json\/wp\/v2\/types\/page"}],"author":[{"embeddable":true,"href":"https:\/\/yveskalala.com\/fr\/wp-json\/wp\/v2\/users\/1"}],"replies":[{"embeddable":true,"href":"https:\/\/yveskalala.com\/fr\/wp-json\/wp\/v2\/comments?post=77"}],"version-history":[{"count":42,"href":"https:\/\/yveskalala.com\/fr\/wp-json\/wp\/v2\/pages\/77\/revisions"}],"predecessor-version":[{"id":346,"href":"https:\/\/yveskalala.com\/fr\/wp-json\/wp\/v2\/pages\/77\/revisions\/346"}],"wp:featuredmedia":[{"embeddable":true,"href":"https:\/\/yveskalala.com\/fr\/wp-json\/wp\/v2\/media\/125"}],"wp:attachment":[{"href":"https:\/\/yveskalala.com\/fr\/wp-json\/wp\/v2\/media?parent=77"}],"curies":[{"name":"wp","href":"https:\/\/api.w.org\/{rel}","templated":true}]}}